{"id":14538,"date":"2024-12-06T17:17:08","date_gmt":"2024-12-06T17:17:08","guid":{"rendered":"https:\/\/esbal2.maisdigital.pt\/home-temp-2\/"},"modified":"2025-02-15T13:06:08","modified_gmt":"2025-02-15T13:06:08","slug":"home-temp-2","status":"publish","type":"page","link":"https:\/\/esbal2.maisdigital.pt\/es\/","title":{"rendered":"home temp 2"},"content":{"rendered":"\t\t<div data-elementor-type=\"wp-page\" data-elementor-id=\"14538\" class=\"elementor elementor-14538 elementor-14241\" data-elementor-post-type=\"page\">\n\t\t\t\t<div class=\"elementor-element elementor-element-b780e33 e-con-full e-flex e-con e-parent\" data-id=\"b780e33\" data-element_type=\"container\" data-settings=\"{&quot;background_background&quot;:&quot;classic&quot;}\">\n\t\t\t\t<div class=\"elementor-element elementor-element-f802c67 elementor--h-position-left elementor--v-position-middle elementor-arrows-position-inside elementor-pagination-position-inside elementor-widget elementor-widget-slides\" data-id=\"f802c67\" data-element_type=\"widget\" data-settings=\"{&quot;autoplay_speed&quot;:7000,&quot;transition&quot;:&quot;fade&quot;,&quot;transition_speed&quot;:1200,&quot;navigation&quot;:&quot;both&quot;,&quot;autoplay&quot;:&quot;yes&quot;,&quot;pause_on_interaction&quot;:&quot;yes&quot;,&quot;infinite&quot;:&quot;yes&quot;}\" data-widget_type=\"slides.default\">\n\t\t\t\t<div class=\"elementor-widget-container\">\n\t\t\t\t\t\t\t\t\t<div class=\"elementor-swiper\">\n\t\t\t\t\t<div class=\"elementor-slides-wrapper elementor-main-swiper swiper\" role=\"region\" aria-roledescription=\"carousel\" aria-label=\"Diapositivas\" dir=\"ltr\" data-animation=\"\">\n\t\t\t\t<div class=\"swiper-wrapper elementor-slides\">\n\t\t\t\t\t\t\t\t\t\t<div class=\"elementor-repeater-item-7ee77d8 swiper-slide\" role=\"group\" aria-roledescription=\"slide\"><div class=\"swiper-slide-bg\" role=\"img\" aria-label=\"Esbal-slide1\"><\/div><div class=\"swiper-slide-inner\" ><div class=\"swiper-slide-contents\"><div class=\"elementor-slide-heading\">O verdadeiro bacalhau <br>portugu\u00eas<\/div><div class=\"elementor-slide-description\">A ESBAL \u00e9 especializada em bacalhau de excel\u00eancia. <br> Aliando os mais altos padr\u00f5es de qualidade com o respeito \u00e0 tradi\u00e7\u00e3o.<\/div><div  class=\"elementor-button elementor-slide-button elementor-size-md\">Ver Produtos<\/div><\/div><\/div><\/div><div class=\"elementor-repeater-item-395d7dd swiper-slide\" role=\"group\" aria-roledescription=\"slide\"><div class=\"swiper-slide-bg\" role=\"img\" aria-label=\"salgado\"><\/div><div class=\"elementor-background-overlay\"><\/div><div class=\"swiper-slide-inner\" ><div class=\"swiper-slide-contents\"><div class=\"elementor-slide-heading\">Bacalhau Salgado Seco<\/div><div class=\"elementor-slide-description\">Bacalhau de primeira qualidade curado por largos meses em sal <br>e seco como de forma tradicional.<\/div><div  class=\"elementor-button elementor-slide-button elementor-size-md\">Ver Produtos<\/div><\/div><\/div><\/div><div class=\"elementor-repeater-item-77600d4 swiper-slide\" role=\"group\" aria-roledescription=\"slide\"><div class=\"swiper-slide-bg\" role=\"img\" aria-label=\"demolhado\"><\/div><div class=\"elementor-background-overlay\"><\/div><div class=\"swiper-slide-inner\" ><div class=\"swiper-slide-contents\"><div class=\"elementor-slide-heading\">Bacalhau Demolhado<br>Ultracongelado<\/div><div class=\"elementor-slide-description\">A qualidade de sempre aliada \u00e0 modernidade.<\/div><div  class=\"elementor-button elementor-slide-button elementor-size-md\">Ver Produtos<\/div><\/div><\/div><\/div><div class=\"elementor-repeater-item-ed8acd4 swiper-slide\" role=\"group\" aria-roledescription=\"slide\"><div class=\"swiper-slide-bg\" role=\"img\" aria-label=\"subprodutos\"><\/div><div class=\"elementor-background-overlay\"><\/div><div class=\"swiper-slide-inner\" ><div class=\"swiper-slide-contents\"><div class=\"elementor-slide-heading\">Subprodutos de Bacalhau<\/div><div class=\"elementor-slide-description\">Subprodutos de bacalhau com qualidade garantida. <br>Vers\u00e1teis e ideais para o quotidiano.<\/div><div  class=\"elementor-button elementor-slide-button elementor-size-md\">Ver Produtos<\/div><\/div><\/div><\/div>\t\t\t\t<\/div>\n\t\t\t\t\t\t\t\t\t\t\t\t\t\t\t<div class=\"elementor-swiper-button elementor-swiper-button-prev\" role=\"button\" tabindex=\"0\" aria-label=\"Diapositiva anterior\">\n\t\t\t\t\t\t\t<svg aria-hidden=\"true\" class=\"e-font-icon-svg e-eicon-chevron-left\" viewBox=\"0 0 1000 1000\" xmlns=\"http:\/\/www.w3.org\/2000\/svg\"><path d=\"M646 125C629 125 613 133 604 142L308 442C296 454 292 471 292 487 292 504 296 521 308 533L604 854C617 867 629 875 646 875 663 875 679 871 692 858 704 846 713 829 713 812 713 796 708 779 692 767L438 487 692 225C700 217 708 204 708 187 708 171 704 154 692 142 675 129 663 125 646 125Z\"><\/path><\/svg>\t\t\t\t\t\t<\/div>\n\t\t\t\t\t\t<div class=\"elementor-swiper-button elementor-swiper-button-next\" role=\"button\" tabindex=\"0\" aria-label=\"Diapositiva siguiente\">\n\t\t\t\t\t\t\t<svg aria-hidden=\"true\" class=\"e-font-icon-svg e-eicon-chevron-right\" viewBox=\"0 0 1000 1000\" xmlns=\"http:\/\/www.w3.org\/2000\/svg\"><path d=\"M696 533C708 521 713 504 713 487 713 471 708 454 696 446L400 146C388 133 375 125 354 125 338 125 325 129 313 142 300 154 292 171 292 187 292 204 296 221 308 233L563 492 304 771C292 783 288 800 288 817 288 833 296 850 308 863 321 871 338 875 354 875 371 875 388 867 400 854L696 533Z\"><\/path><\/svg>\t\t\t\t\t\t<\/div>\n\t\t\t\t\t\t\t\t\t\t\t\t\t\t\t\t<div class=\"swiper-pagination\"><\/div>\n\t\t\t\t\t\t\t\t\t\t\t\t<\/div>\n\t\t\t\t<\/div>\n\t\t\t\t\t\t\t\t<\/div>\n\t\t\t\t<\/div>\n\t\t\t\t<\/div>\n\t\t<div class=\"elementor-element elementor-element-4f1a8299 e-flex e-con-boxed e-con e-parent\" data-id=\"4f1a8299\" data-element_type=\"container\" data-settings=\"{&quot;background_background&quot;:&quot;classic&quot;}\">\n\t\t\t\t\t<div class=\"e-con-inner\">\n\t\t<div class=\"elementor-element elementor-element-4a2c03ed e-con-full e-flex e-con e-child\" data-id=\"4a2c03ed\" data-element_type=\"container\">\n\t\t\t\t<div class=\"elementor-element elementor-element-1fc2d1ee elementor-widget elementor-widget-heading\" data-id=\"1fc2d1ee\" data-element_type=\"widget\" data-settings=\"{&quot;_animation&quot;:&quot;none&quot;}\" data-widget_type=\"heading.default\">\n\t\t\t\t<div class=\"elementor-widget-container\">\n\t\t\t\t\t<h2 class=\"elementor-heading-title elementor-size-default\">Sobre a ESBAL<\/h2>\t\t\t\t<\/div>\n\t\t\t\t<\/div>\n\t\t\t\t<div class=\"elementor-element elementor-element-4dcb75e4 elementor-widget elementor-widget-heading\" data-id=\"4dcb75e4\" data-element_type=\"widget\" data-settings=\"{&quot;_animation&quot;:&quot;none&quot;}\" data-widget_type=\"heading.default\">\n\t\t\t\t<div class=\"elementor-widget-container\">\n\t\t\t\t\t<p class=\"elementor-heading-title elementor-size-default\">Dedica\u00e7\u00e3o em cada detalhe: do rigor na sele\u00e7\u00e3o da mat\u00e9ria-prima ao cuidado no embalamento.<\/p>\t\t\t\t<\/div>\n\t\t\t\t<\/div>\n\t\t\t\t<\/div>\n\t\t<div class=\"elementor-element elementor-element-276a59d8 e-con-full e-flex e-con e-child\" data-id=\"276a59d8\" data-element_type=\"container\">\n\t\t<div class=\"elementor-element elementor-element-536d53f e-grid e-con-full e-con e-child\" data-id=\"536d53f\" data-element_type=\"container\">\n\t\t\t\t<div class=\"elementor-element elementor-element-81e806e elementor-position-top elementor-widget elementor-widget-image-box\" data-id=\"81e806e\" data-element_type=\"widget\" data-widget_type=\"image-box.default\">\n\t\t\t\t<div class=\"elementor-widget-container\">\n\t\t\t\t\t<div class=\"elementor-image-box-wrapper\"><figure class=\"elementor-image-box-img\"><img fetchpriority=\"high\" decoding=\"async\" width=\"285\" height=\"285\" src=\"https:\/\/esbal2.maisdigital.pt\/wp-content\/uploads\/2024\/12\/fish-icon.png\" class=\"attachment-full size-full wp-image-14330\" alt=\"\" srcset=\"https:\/\/esbal2.maisdigital.pt\/wp-content\/uploads\/2024\/12\/fish-icon.png 285w, https:\/\/esbal2.maisdigital.pt\/wp-content\/uploads\/2024\/12\/fish-icon-150x150.png 150w, https:\/\/esbal2.maisdigital.pt\/wp-content\/uploads\/2024\/12\/fish-icon-100x100.png 100w, https:\/\/esbal2.maisdigital.pt\/wp-content\/uploads\/2024\/12\/fish-icon-250x250.png 250w, https:\/\/esbal2.maisdigital.pt\/wp-content\/uploads\/2024\/12\/fish-icon-140x140.png 140w, https:\/\/esbal2.maisdigital.pt\/wp-content\/uploads\/2024\/12\/fish-icon-110x110.png 110w, https:\/\/esbal2.maisdigital.pt\/wp-content\/uploads\/2024\/12\/fish-icon-275x275.png 275w\" sizes=\"(max-width: 285px) 100vw, 285px\" \/><\/figure><div class=\"elementor-image-box-content\"><h3 class=\"elementor-image-box-title\">Frescura e Tradi\u00e7\u00e3o<\/h3><\/div><\/div>\t\t\t\t<\/div>\n\t\t\t\t<\/div>\n\t\t\t\t<div class=\"elementor-element elementor-element-a60dcba elementor-position-top elementor-widget elementor-widget-image-box\" data-id=\"a60dcba\" data-element_type=\"widget\" data-widget_type=\"image-box.default\">\n\t\t\t\t<div class=\"elementor-widget-container\">\n\t\t\t\t\t<div class=\"elementor-image-box-wrapper\"><figure class=\"elementor-image-box-img\"><img decoding=\"async\" width=\"285\" height=\"285\" src=\"https:\/\/esbal2.maisdigital.pt\/wp-content\/uploads\/2024\/12\/embalagem-icon.png\" class=\"attachment-full size-full wp-image-14327\" alt=\"\" srcset=\"https:\/\/esbal2.maisdigital.pt\/wp-content\/uploads\/2024\/12\/embalagem-icon.png 285w, https:\/\/esbal2.maisdigital.pt\/wp-content\/uploads\/2024\/12\/embalagem-icon-150x150.png 150w, https:\/\/esbal2.maisdigital.pt\/wp-content\/uploads\/2024\/12\/embalagem-icon-100x100.png 100w, https:\/\/esbal2.maisdigital.pt\/wp-content\/uploads\/2024\/12\/embalagem-icon-250x250.png 250w, https:\/\/esbal2.maisdigital.pt\/wp-content\/uploads\/2024\/12\/embalagem-icon-140x140.png 140w, https:\/\/esbal2.maisdigital.pt\/wp-content\/uploads\/2024\/12\/embalagem-icon-110x110.png 110w, https:\/\/esbal2.maisdigital.pt\/wp-content\/uploads\/2024\/12\/embalagem-icon-275x275.png 275w\" sizes=\"(max-width: 285px) 100vw, 285px\" \/><\/figure><div class=\"elementor-image-box-content\"><h3 class=\"elementor-image-box-title\">Sustentabilidade e Cuidado<\/h3><\/div><\/div>\t\t\t\t<\/div>\n\t\t\t\t<\/div>\n\t\t\t\t<div class=\"elementor-element elementor-element-1c29896 elementor-position-top elementor-widget elementor-widget-image-box\" data-id=\"1c29896\" data-element_type=\"widget\" data-widget_type=\"image-box.default\">\n\t\t\t\t<div class=\"elementor-widget-container\">\n\t\t\t\t\t<div class=\"elementor-image-box-wrapper\"><figure class=\"elementor-image-box-img\"><img decoding=\"async\" width=\"285\" height=\"285\" src=\"https:\/\/esbal2.maisdigital.pt\/wp-content\/uploads\/2024\/12\/certif-icon.png\" class=\"attachment-full size-full wp-image-14336\" alt=\"\" srcset=\"https:\/\/esbal2.maisdigital.pt\/wp-content\/uploads\/2024\/12\/certif-icon.png 285w, https:\/\/esbal2.maisdigital.pt\/wp-content\/uploads\/2024\/12\/certif-icon-150x150.png 150w, https:\/\/esbal2.maisdigital.pt\/wp-content\/uploads\/2024\/12\/certif-icon-100x100.png 100w, https:\/\/esbal2.maisdigital.pt\/wp-content\/uploads\/2024\/12\/certif-icon-250x250.png 250w, https:\/\/esbal2.maisdigital.pt\/wp-content\/uploads\/2024\/12\/certif-icon-140x140.png 140w, https:\/\/esbal2.maisdigital.pt\/wp-content\/uploads\/2024\/12\/certif-icon-110x110.png 110w, https:\/\/esbal2.maisdigital.pt\/wp-content\/uploads\/2024\/12\/certif-icon-275x275.png 275w\" sizes=\"(max-width: 285px) 100vw, 285px\" \/><\/figure><div class=\"elementor-image-box-content\"><h3 class=\"elementor-image-box-title\">Marca Reconhecida Internacionalmente<\/h3><\/div><\/div>\t\t\t\t<\/div>\n\t\t\t\t<\/div>\n\t\t\t\t<div class=\"elementor-element elementor-element-18d45ac elementor-position-top elementor-widget elementor-widget-image-box\" data-id=\"18d45ac\" data-element_type=\"widget\" data-widget_type=\"image-box.default\">\n\t\t\t\t<div class=\"elementor-widget-container\">\n\t\t\t\t\t<div class=\"elementor-image-box-wrapper\"><figure class=\"elementor-image-box-img\"><img loading=\"lazy\" decoding=\"async\" width=\"285\" height=\"285\" src=\"https:\/\/esbal2.maisdigital.pt\/wp-content\/uploads\/2024\/12\/profess-icon.png\" class=\"attachment-full size-full wp-image-14333\" alt=\"\" srcset=\"https:\/\/esbal2.maisdigital.pt\/wp-content\/uploads\/2024\/12\/profess-icon.png 285w, https:\/\/esbal2.maisdigital.pt\/wp-content\/uploads\/2024\/12\/profess-icon-150x150.png 150w, https:\/\/esbal2.maisdigital.pt\/wp-content\/uploads\/2024\/12\/profess-icon-100x100.png 100w, https:\/\/esbal2.maisdigital.pt\/wp-content\/uploads\/2024\/12\/profess-icon-250x250.png 250w, https:\/\/esbal2.maisdigital.pt\/wp-content\/uploads\/2024\/12\/profess-icon-140x140.png 140w, https:\/\/esbal2.maisdigital.pt\/wp-content\/uploads\/2024\/12\/profess-icon-110x110.png 110w, https:\/\/esbal2.maisdigital.pt\/wp-content\/uploads\/2024\/12\/profess-icon-275x275.png 275w\" sizes=\"(max-width: 285px) 100vw, 285px\" \/><\/figure><div class=\"elementor-image-box-content\"><h3 class=\"elementor-image-box-title\">Aproveitamento Total<\/h3><\/div><\/div>\t\t\t\t<\/div>\n\t\t\t\t<\/div>\n\t\t\t\t<\/div>\n\t\t\t\t<\/div>\n\t\t\t\t\t<\/div>\n\t\t\t\t<\/div>\n\t\t<div class=\"elementor-element elementor-element-ac467d5 e-flex e-con-boxed e-con e-parent\" data-id=\"ac467d5\" data-element_type=\"container\">\n\t\t\t\t\t<div class=\"e-con-inner\">\n\t\t<div class=\"elementor-element elementor-element-172eb95 e-con-full e-flex e-con e-child\" data-id=\"172eb95\" data-element_type=\"container\">\n\t\t\t\t<div class=\"elementor-element elementor-element-8ffc251 elementor-widget elementor-widget-heading\" data-id=\"8ffc251\" data-element_type=\"widget\" data-settings=\"{&quot;_animation&quot;:&quot;none&quot;}\" data-widget_type=\"heading.default\">\n\t\t\t\t<div class=\"elementor-widget-container\">\n\t\t\t\t\t<h2 class=\"elementor-heading-title elementor-size-default\">Os nossos produtos<\/h2>\t\t\t\t<\/div>\n\t\t\t\t<\/div>\n\t\t\t\t<\/div>\n\t\t\t\t\t<\/div>\n\t\t\t\t<\/div>\n\t\t<div class=\"elementor-element elementor-element-1adf5944 e-con-full e-grid sec-categs e-con e-parent\" data-id=\"1adf5944\" data-element_type=\"container\">\n\t\t\t\t<div class=\"elementor-element elementor-element-f592147 elementor-cta--skin-cover elementor-cta--valign-bottom elementor-widget__width-inherit elementor-invisible elementor-widget elementor-widget-call-to-action\" data-id=\"f592147\" data-element_type=\"widget\" data-settings=\"{&quot;_animation&quot;:&quot;fadeInUp&quot;}\" data-widget_type=\"call-to-action.default\">\n\t\t\t\t<div class=\"elementor-widget-container\">\n\t\t\t\t\t\t\t<a class=\"elementor-cta\" href=\"https:\/\/esbal2.maisdigital.pt\/categoria-de-produto\/bacalhau-seco\/\">\n\t\t\t\t\t<div class=\"elementor-cta__bg-wrapper\">\n\t\t\t\t<div class=\"elementor-cta__bg elementor-bg\" style=\"background-image: url(https:\/\/esbal2.maisdigital.pt\/wp-content\/uploads\/2024\/12\/esbal-seco.jpg);\" role=\"img\" aria-label=\"esbal-seco\"><\/div>\n\t\t\t\t<div class=\"elementor-cta__bg-overlay\"><\/div>\n\t\t\t<\/div>\n\t\t\t\t\t\t\t<div class=\"elementor-cta__content\">\n\t\t\t\t\n\t\t\t\t\t\t\t\t\t<span class=\"elementor-cta__title elementor-cta__content-item elementor-content-item\">\n\t\t\t\t\t\t<h4>BACALHAU<\/h4><h4>SALGADO<\/h4><h4>SECO<\/h4><h5><\/h5>\t\t\t\t\t<\/span>\n\t\t\t\t\n\t\t\t\t\n\t\t\t\t\t\t\t<\/div>\n\t\t\t\t\t\t<\/a>\n\t\t\t\t\t\t<\/div>\n\t\t\t\t<\/div>\n\t\t\t\t<div class=\"elementor-element elementor-element-63fa1ca5 elementor-cta--skin-cover elementor-cta--valign-bottom elementor-widget__width-inherit elementor-invisible elementor-widget elementor-widget-call-to-action\" data-id=\"63fa1ca5\" data-element_type=\"widget\" data-settings=\"{&quot;_animation&quot;:&quot;fadeInUp&quot;}\" data-widget_type=\"call-to-action.default\">\n\t\t\t\t<div class=\"elementor-widget-container\">\n\t\t\t\t\t\t\t<a class=\"elementor-cta\" href=\"https:\/\/esbal2.maisdigital.pt\/categoria-de-produto\/bacalhau-demolhado-ultracongelado\/\">\n\t\t\t\t\t<div class=\"elementor-cta__bg-wrapper\">\n\t\t\t\t<div class=\"elementor-cta__bg elementor-bg\" style=\"background-image: url(https:\/\/esbal2.maisdigital.pt\/wp-content\/uploads\/2024\/12\/esbal-demolhado.jpg);\" role=\"img\" aria-label=\"esbal-demolhado\"><\/div>\n\t\t\t\t<div class=\"elementor-cta__bg-overlay\"><\/div>\n\t\t\t<\/div>\n\t\t\t\t\t\t\t<div class=\"elementor-cta__content\">\n\t\t\t\t\n\t\t\t\t\t\t\t\t\t<span class=\"elementor-cta__title elementor-cta__content-item elementor-content-item\">\n\t\t\t\t\t\t<h4>BACALHAU<\/h4><h4>DEMOLHADO<\/h4><h4>ULTRACONGELADO<\/h4><h5><\/h5>\t\t\t\t\t<\/span>\n\t\t\t\t\n\t\t\t\t\n\t\t\t\t\t\t\t<\/div>\n\t\t\t\t\t\t<\/a>\n\t\t\t\t\t\t<\/div>\n\t\t\t\t<\/div>\n\t\t\t\t<div class=\"elementor-element elementor-element-2a6372bb elementor-cta--skin-cover elementor-cta--valign-bottom elementor-widget__width-inherit elementor-invisible elementor-widget elementor-widget-call-to-action\" data-id=\"2a6372bb\" data-element_type=\"widget\" data-settings=\"{&quot;_animation&quot;:&quot;fadeInUp&quot;}\" data-widget_type=\"call-to-action.default\">\n\t\t\t\t<div class=\"elementor-widget-container\">\n\t\t\t\t\t\t\t<a class=\"elementor-cta\" href=\"https:\/\/esbal2.maisdigital.pt\/categoria-de-produto\/subprodutos-2\/\">\n\t\t\t\t\t<div class=\"elementor-cta__bg-wrapper\">\n\t\t\t\t<div class=\"elementor-cta__bg elementor-bg\" style=\"background-image: url(https:\/\/esbal2.maisdigital.pt\/wp-content\/uploads\/2024\/12\/esbal-subprodutos.jpg);\" role=\"img\" aria-label=\"esbal-subprodutos\"><\/div>\n\t\t\t\t<div class=\"elementor-cta__bg-overlay\"><\/div>\n\t\t\t<\/div>\n\t\t\t\t\t\t\t<div class=\"elementor-cta__content\">\n\t\t\t\t\n\t\t\t\t\t\t\t\t\t<span class=\"elementor-cta__title elementor-cta__content-item elementor-content-item\">\n\t\t\t\t\t\t<h6><\/h6><h4>SUBPRODUTOS<\/h4><h5><\/h5>\t\t\t\t\t<\/span>\n\t\t\t\t\n\t\t\t\t\n\t\t\t\t\t\t\t<\/div>\n\t\t\t\t\t\t<\/a>\n\t\t\t\t\t\t<\/div>\n\t\t\t\t<\/div>\n\t\t\t\t<div class=\"elementor-element elementor-element-21cdc7c3 elementor-cta--skin-cover elementor-cta--valign-bottom elementor-widget__width-inherit elementor-invisible elementor-widget elementor-widget-call-to-action\" data-id=\"21cdc7c3\" data-element_type=\"widget\" data-settings=\"{&quot;_animation&quot;:&quot;fadeInUp&quot;}\" data-widget_type=\"call-to-action.default\">\n\t\t\t\t<div class=\"elementor-widget-container\">\n\t\t\t\t\t\t\t<a class=\"elementor-cta\" href=\"https:\/\/esbal2.maisdigital.pt\/categoria-de-produto\/subprodutos-2\/\">\n\t\t\t\t\t<div class=\"elementor-cta__bg-wrapper\">\n\t\t\t\t<div class=\"elementor-cta__bg elementor-bg\" style=\"background-image: url(https:\/\/esbal2.maisdigital.pt\/wp-content\/uploads\/2024\/09\/Caixa-Lombos-Secos-01JFFU049006-e-Sobre-nos.-Subprodutos-Lombos-Secos.jpg);\" role=\"img\" aria-label=\"Caixa Lombos Secos 01JFFU049006 e Sobre n\u00f3s. Subprodutos Lombos Secos\"><\/div>\n\t\t\t\t<div class=\"elementor-cta__bg-overlay\"><\/div>\n\t\t\t<\/div>\n\t\t\t\t\t\t\t<div class=\"elementor-cta__content\">\n\t\t\t\t\n\t\t\t\t\t\t\t\t\t<span class=\"elementor-cta__title elementor-cta__content-item elementor-content-item\">\n\t\t\t\t\t\t<h6><\/h6><h4>EMBALAGENS<\/h4><h5><\/h5>\t\t\t\t\t<\/span>\n\t\t\t\t\n\t\t\t\t\n\t\t\t\t\t\t\t<\/div>\n\t\t\t\t\t\t<\/a>\n\t\t\t\t\t\t<\/div>\n\t\t\t\t<\/div>\n\t\t\t\t<\/div>\n\t\t<div class=\"elementor-element elementor-element-3dd7b6f5 e-con-full produto-destaque e-flex e-con e-parent\" data-id=\"3dd7b6f5\" data-element_type=\"container\" data-settings=\"{&quot;background_background&quot;:&quot;classic&quot;}\">\n\t\t<div class=\"elementor-element elementor-element-21336c0 e-con-full e-flex e-con e-child\" data-id=\"21336c0\" data-element_type=\"container\" data-settings=\"{&quot;background_background&quot;:&quot;classic&quot;}\">\n\t\t\t\t<div class=\"elementor-element elementor-element-2464345f elementor-widget elementor-widget-heading\" data-id=\"2464345f\" data-element_type=\"widget\" data-settings=\"{&quot;_animation&quot;:&quot;none&quot;}\" data-widget_type=\"heading.default\">\n\t\t\t\t<div class=\"elementor-widget-container\">\n\t\t\t\t\t<h2 class=\"elementor-heading-title elementor-size-default\">Produto em destaque\n<\/h2>\t\t\t\t<\/div>\n\t\t\t\t<\/div>\n\t\t\t\t<div class=\"elementor-element elementor-element-21e2ae72 elementor-widget elementor-widget-heading\" data-id=\"21e2ae72\" data-element_type=\"widget\" data-widget_type=\"heading.default\">\n\t\t\t\t<div class=\"elementor-widget-container\">\n\t\t\t\t\t<p class=\"elementor-heading-title elementor-size-default\"><span>Country:<\/span> Sakhalin<br>\n<span>Weight:<\/span> 5 kg<br>\n<span>Calories:<\/span> 322 kkal<\/p>\t\t\t\t<\/div>\n\t\t\t\t<\/div>\n\t\t\t\t<div class=\"elementor-element elementor-element-e6ebf1c elementor-widget elementor-widget-heading\" data-id=\"e6ebf1c\" data-element_type=\"widget\" data-settings=\"{&quot;_animation&quot;:&quot;none&quot;}\" data-widget_type=\"heading.default\">\n\t\t\t\t<div class=\"elementor-widget-container\">\n\t\t\t\t\t<p class=\"elementor-heading-title elementor-size-default\">Proin eu risus in metus blandit pharetra. Phasellus vitae ipsum a mauris varius placerat. Curabitur id ligula tellus. Nullam suscipit luctus felis. Suspendisse mattis magna eu est sollicitudin.<\/p>\t\t\t\t<\/div>\n\t\t\t\t<\/div>\n\t\t\t\t<div class=\"elementor-element elementor-element-5a93b790 elementor-tablet-align-center elementor-widget elementor-widget-button\" data-id=\"5a93b790\" data-element_type=\"widget\" data-widget_type=\"button.default\">\n\t\t\t\t<div class=\"elementor-widget-container\">\n\t\t\t\t\t\t\t\t\t<div class=\"elementor-button-wrapper\">\n\t\t\t\t\t<a class=\"elementor-button elementor-button-link elementor-size-lg\" href=\"#\">\n\t\t\t\t\t\t<span class=\"elementor-button-content-wrapper\">\n\t\t\t\t\t\t\t\t\t<span class=\"elementor-button-text\">Ver produto<\/span>\n\t\t\t\t\t<\/span>\n\t\t\t\t\t<\/a>\n\t\t\t\t<\/div>\n\t\t\t\t\t\t\t\t<\/div>\n\t\t\t\t<\/div>\n\t\t\t\t<\/div>\n\t\t<div class=\"elementor-element elementor-element-3634f401 e-con-full e-flex e-con e-child\" data-id=\"3634f401\" data-element_type=\"container\" data-settings=\"{&quot;background_background&quot;:&quot;classic&quot;}\">\n\t\t\t\t<\/div>\n\t\t\t\t<\/div>\n\t\t<div class=\"elementor-element elementor-element-bc76161 e-con-full e-flex e-con e-parent\" data-id=\"bc76161\" data-element_type=\"container\" data-settings=\"{&quot;background_background&quot;:&quot;classic&quot;}\">\n\t\t<div class=\"elementor-element elementor-element-cf607ab e-con-full e-flex e-con e-child\" data-id=\"cf607ab\" data-element_type=\"container\">\n\t\t<div class=\"elementor-element elementor-element-8974950 e-con-full e-flex e-con e-child\" data-id=\"8974950\" data-element_type=\"container\">\n\t\t\t\t<div class=\"elementor-element elementor-element-1808e3c elementor-widget elementor-widget-counter\" data-id=\"1808e3c\" data-element_type=\"widget\" data-widget_type=\"counter.default\">\n\t\t\t\t<div class=\"elementor-widget-container\">\n\t\t\t\t\t\t\t<div class=\"elementor-counter\">\n\t\t\t<div class=\"elementor-counter-title\">toneladas de bacalhau <br>produzidas por ano<\/div>\t\t\t<div class=\"elementor-counter-number-wrapper\">\n\t\t\t\t<span class=\"elementor-counter-number-prefix\"><\/span>\n\t\t\t\t<span class=\"elementor-counter-number\" data-duration=\"2000\" data-to-value=\"1000\" data-from-value=\"0\" data-delimiter=\",\">0<\/span>\n\t\t\t\t<span class=\"elementor-counter-number-suffix\">+<\/span>\n\t\t\t<\/div>\n\t\t<\/div>\n\t\t\t\t\t\t<\/div>\n\t\t\t\t<\/div>\n\t\t\t\t<\/div>\n\t\t<div class=\"elementor-element elementor-element-23e1dd6 e-con-full e-flex e-con e-child\" data-id=\"23e1dd6\" data-element_type=\"container\">\n\t\t\t\t<div class=\"elementor-element elementor-element-519512d elementor-widget elementor-widget-counter\" data-id=\"519512d\" data-element_type=\"widget\" data-widget_type=\"counter.default\">\n\t\t\t\t<div class=\"elementor-widget-container\">\n\t\t\t\t\t\t\t<div class=\"elementor-counter\">\n\t\t\t<div class=\"elementor-counter-title\"> dos produtos seguem rigorosos<br> padr\u00f5es de qualidade<\/div>\t\t\t<div class=\"elementor-counter-number-wrapper\">\n\t\t\t\t<span class=\"elementor-counter-number-prefix\"><\/span>\n\t\t\t\t<span class=\"elementor-counter-number\" data-duration=\"2000\" data-to-value=\"100\" data-from-value=\"0\" data-delimiter=\",\">0<\/span>\n\t\t\t\t<span class=\"elementor-counter-number-suffix\">%<\/span>\n\t\t\t<\/div>\n\t\t<\/div>\n\t\t\t\t\t\t<\/div>\n\t\t\t\t<\/div>\n\t\t\t\t<\/div>\n\t\t\t\t<\/div>\n\t\t\t\t<\/div>\n\t\t\t\t<\/div>\n\t\t","protected":false},"excerpt":{"rendered":"<p>O verdadeiro bacalhau portugu\u00easA ESBAL \u00e9 especializada em bacalhau de excel\u00eancia. Aliando os mais altos padr\u00f5es de qualidade com o respeito \u00e0 tradi\u00e7\u00e3o.Ver ProdutosBacalhau Salgado SecoBacalhau de primeira qualidade curado por largos meses em sal e seco como de forma tradicional.Ver ProdutosBacalhau DemolhadoUltracongeladoA qualidade de sempre aliada \u00e0 modernidade.Ver ProdutosSubprodutos de BacalhauSubprodutos de bacalhau com qualidade garantida. Vers\u00e1teis e ideais para o quotidiano.Ver Produtos Previous slide Next slide Sobre a ESBAL Dedica\u00e7\u00e3o em cada detalhe: do rigor na sele\u00e7\u00e3o da mat\u00e9ria-prima ao cuidado no embalamento. Frescura e Tradi\u00e7\u00e3o Sustentabilidade e Cuidado Marca Reconhecida Internacionalmente Aproveitamento Total Os nossos produtos BACALHAU SALGADO SECO BACALHAU DEMOLHADO ULTRACONGELADO SUBPRODUTOS EMBALAGENS Produto em destaque Country: Sakhalin Weight: 5 kg Calories: 322 kkal Proin eu risus in metus blandit pharetra. Phasellus vitae ipsum a mauris varius placerat. Curabitur id ligula tellus. Nullam suscipit luctus felis. Suspendisse mattis magna eu est sollicitudin. Ver produto toneladas de [&hellip;]<\/p>\n","protected":false},"author":1,"featured_media":0,"parent":0,"menu_order":0,"comment_status":"closed","ping_status":"closed","template":"","meta":{"footnotes":""},"class_list":["post-14538","page","type-page","status-publish","hentry"],"_links":{"self":[{"href":"https:\/\/esbal2.maisdigital.pt\/es\/wp-json\/wp\/v2\/pages\/14538","targetHints":{"allow":["GET"]}}],"collection":[{"href":"https:\/\/esbal2.maisdigital.pt\/es\/wp-json\/wp\/v2\/pages"}],"about":[{"href":"https:\/\/esbal2.maisdigital.pt\/es\/wp-json\/wp\/v2\/types\/page"}],"author":[{"embeddable":true,"href":"https:\/\/esbal2.maisdigital.pt\/es\/wp-json\/wp\/v2\/users\/1"}],"replies":[{"embeddable":true,"href":"https:\/\/esbal2.maisdigital.pt\/es\/wp-json\/wp\/v2\/comments?post=14538"}],"version-history":[{"count":102,"href":"https:\/\/esbal2.maisdigital.pt\/es\/wp-json\/wp\/v2\/pages\/14538\/revisions"}],"predecessor-version":[{"id":15037,"href":"https:\/\/esbal2.maisdigital.pt\/es\/wp-json\/wp\/v2\/pages\/14538\/revisions\/15037"}],"wp:attachment":[{"href":"https:\/\/esbal2.maisdigital.pt\/es\/wp-json\/wp\/v2\/media?parent=14538"}],"curies":[{"name":"wp","href":"https:\/\/api.w.org\/{rel}","templated":true}]}}