{"id":13363,"date":"2024-09-18T13:01:38","date_gmt":"2024-09-18T13:01:38","guid":{"rendered":"https:\/\/esbal2.maisdigital.pt\/?post_type=product&#038;p=13363"},"modified":"2025-02-15T12:36:38","modified_gmt":"2025-02-15T12:36:38","slug":"lombos","status":"publish","type":"product","link":"https:\/\/esbal2.maisdigital.pt\/en\/produto\/lombos\/","title":{"rendered":"Lombos"},"content":{"rendered":"<p>Descri\u00e7\u00e3o do produto, descri\u00e7\u00e3o do produto, descri\u00e7\u00e3o do produto, descri\u00e7\u00e3o do produto, descri\u00e7\u00e3o do produto, descri\u00e7\u00e3o do produto.<\/p>\n<p>Descri\u00e7\u00e3o do produto, descri\u00e7\u00e3o do produto, descri\u00e7\u00e3o do produto, descri\u00e7\u00e3o do produto, descri\u00e7\u00e3o do produto, descri\u00e7\u00e3o do produto.<\/p>\n","protected":false},"excerpt":{"rendered":"<p>Breve descri\u00e7\u00e3o, Breve descri\u00e7\u00e3o, Breve descri\u00e7\u00e3o, Breve descri\u00e7\u00e3o,<\/p>\n","protected":false},"featured_media":13364,"template":"","meta":[],"product_brand":[],"product_cat":[51],"product_tag":[],"class_list":{"0":"post-13363","1":"product","2":"type-product","3":"status-publish","4":"has-post-thumbnail","6":"product_cat-bacalhau-demolhado-ultracongelado","9":"first","10":"instock","11":"shipping-taxable","12":"purchasable","13":"product-type-variable"},"_links":{"self":[{"href":"https:\/\/esbal2.maisdigital.pt\/en\/wp-json\/wp\/v2\/product\/13363","targetHints":{"allow":["GET"]}}],"collection":[{"href":"https:\/\/esbal2.maisdigital.pt\/en\/wp-json\/wp\/v2\/product"}],"about":[{"href":"https:\/\/esbal2.maisdigital.pt\/en\/wp-json\/wp\/v2\/types\/product"}],"wp:featuredmedia":[{"embeddable":true,"href":"https:\/\/esbal2.maisdigital.pt\/en\/wp-json\/wp\/v2\/media\/13364"}],"wp:attachment":[{"href":"https:\/\/esbal2.maisdigital.pt\/en\/wp-json\/wp\/v2\/media?parent=13363"}],"wp:term":[{"taxonomy":"product_brand","embeddable":true,"href":"https:\/\/esbal2.maisdigital.pt\/en\/wp-json\/wp\/v2\/product_brand?post=13363"},{"taxonomy":"product_cat","embeddable":true,"href":"https:\/\/esbal2.maisdigital.pt\/en\/wp-json\/wp\/v2\/product_cat?post=13363"},{"taxonomy":"product_tag","embeddable":true,"href":"https:\/\/esbal2.maisdigital.pt\/en\/wp-json\/wp\/v2\/product_tag?post=13363"}],"curies":[{"name":"wp","href":"https:\/\/api.w.org\/{rel}","templated":true}]}}